{"id":33,"date":"2024-08-22T10:04:39","date_gmt":"2024-08-22T08:04:39","guid":{"rendered":"http:\/\/virimeta.com.w01d9752.kasserver.com\/wordpress\/?page_id=33"},"modified":"2024-08-23T21:34:59","modified_gmt":"2024-08-23T19:34:59","slug":"contact","status":"publish","type":"page","link":"https:\/\/www.virimeta.com\/de\/contact\/","title":{"rendered":"Kontakt"},"content":{"rendered":"<div class=\"wp-block-cover alignfull\" style=\"padding-right:0;padding-left:0;min-height:176px;aspect-ratio:unset;\"><span aria-hidden=\"true\" class=\"wp-block-cover__background has-nv-light-bg-background-color has-background-dim-100 has-background-dim\"><\/span><div class=\"wp-block-cover__inner-container is-layout-flow wp-block-cover-is-layout-flow\">\n<div class=\"wp-block-group\" style=\"padding-right:var(--wp--preset--spacing--30);padding-left:var(--wp--preset--spacing--30)\"><div class=\"wp-block-group__inner-container is-layout-flow wp-block-group-is-layout-flow\">\n<div style=\"height:30px\" aria-hidden=\"true\" class=\"wp-block-spacer\"><\/div>\n\n\n\n<h1 class=\"wp-block-heading has-text-align-left has-neve-text-color-color has-text-color\">Stell uns Dein Projekt vor<\/h1>\n\n\n\n<p><mark style=\"background-color:rgba(0, 0, 0, 0)\" class=\"has-inline-color has-nv-dark-bg-color\">Bei Virimeta widmen wir uns der F\u00f6rderung von Innovationen und unterst\u00fctzen vision\u00e4re Unternehmer in jeder Phase. Ob Du bereits ein ausgearbeitetes Konzept hast oder noch an deiner Idee feilst, wir unterst\u00fctzen Dich.<\/mark><\/p>\n\n\n\n<div style=\"height:30px\" aria-hidden=\"true\" class=\"wp-block-spacer\"><\/div>\n<\/div><\/div>\n<\/div><\/div>\n\n\n\n<div class=\"wp-block-cover alignfull\" style=\"border-style:none;border-width:0px;padding-top:0;padding-right:var(--wp--preset--spacing--20);padding-bottom:0;padding-left:var(--wp--preset--spacing--20);min-height:420px;aspect-ratio:unset;\"><span aria-hidden=\"true\" class=\"wp-block-cover__background has-neve-link-color-background-color has-background-dim-100 has-background-dim\"><\/span><div class=\"wp-block-cover__inner-container is-layout-flow wp-block-cover-is-layout-flow\">\n<div style=\"height:50px\" aria-hidden=\"true\" class=\"wp-block-spacer\"><\/div>\n\n\n\n<h2 class=\"wp-block-heading has-text-align-left has-neve-text-color-color has-text-color\" id=\"engage\" style=\"padding-right:var(--wp--preset--spacing--20);padding-left:var(--wp--preset--spacing--20)\"><mark style=\"background-color:rgba(0, 0, 0, 0)\" class=\"has-inline-color has-nv-site-bg-color\">So kannst du uns kontaktieren<\/mark><\/h2>\n\n\n\n<div class=\"wp-block-group\" style=\"padding-right:var(--wp--preset--spacing--20);padding-left:var(--wp--preset--spacing--20)\"><div class=\"wp-block-group__inner-container is-layout-constrained wp-container-core-group-is-layout-56a9e311 wp-block-group-is-layout-constrained\">\n<h3 class=\"wp-block-heading has-text-align-left has-neve-text-color-color has-text-color\"><mark style=\"background-color:rgba(0, 0, 0, 0)\" class=\"has-inline-color has-nv-site-bg-color\">F\u00fcr Projekte in der Entwicklungsphase:<\/mark><\/h3>\n\n\n\n<p><img loading=\"lazy\" decoding=\"async\" width=\"16\" height=\"16\" class=\"wp-image-115\" style=\"width: 16px;\" src=\"https:\/\/www.virimeta.com\/wordpress\/wp-content\/uploads\/2024\/08\/checkmark-16.png\" alt=\"\" srcset=\"https:\/\/www.virimeta.com\/wordpress\/wp-content\/uploads\/2024\/08\/checkmark-16.png 16w, https:\/\/www.virimeta.com\/wordpress\/wp-content\/uploads\/2024\/08\/checkmark-16-12x12.png 12w\" sizes=\"auto, (max-width: 16px) 100vw, 16px\" \/> <mark style=\"background-color:rgba(0, 0, 0, 0)\" class=\"has-inline-color has-nv-site-bg-color\"><strong>Projekt\u00fcbersicht:<\/strong> Beschreibe Dein Projekt, seine Mission und das zu l\u00f6sende Problem.<\/mark><\/p>\n\n\n\n<p><img loading=\"lazy\" decoding=\"async\" width=\"16\" height=\"16\" class=\"wp-image-115\" style=\"width: 16px;\" src=\"https:\/\/www.virimeta.com\/wordpress\/wp-content\/uploads\/2024\/08\/checkmark-16.png\" alt=\"\" srcset=\"https:\/\/www.virimeta.com\/wordpress\/wp-content\/uploads\/2024\/08\/checkmark-16.png 16w, https:\/\/www.virimeta.com\/wordpress\/wp-content\/uploads\/2024\/08\/checkmark-16-12x12.png 12w\" sizes=\"auto, (max-width: 16px) 100vw, 16px\" \/> <mark style=\"background-color:rgba(0, 0, 0, 0)\" class=\"has-inline-color has-nv-site-bg-color\"><strong>Finanzierungsanfrage:<\/strong> Erl\u00e4utere im Detail die ben\u00f6tigte Finanzierungsumme und Deinen Finanzierungsplan.<\/mark><\/p>\n\n\n\n<p><img loading=\"lazy\" decoding=\"async\" width=\"16\" height=\"16\" class=\"wp-image-115\" style=\"width: 16px;\" src=\"https:\/\/www.virimeta.com\/wordpress\/wp-content\/uploads\/2024\/08\/checkmark-16.png\" alt=\"\" srcset=\"https:\/\/www.virimeta.com\/wordpress\/wp-content\/uploads\/2024\/08\/checkmark-16.png 16w, https:\/\/www.virimeta.com\/wordpress\/wp-content\/uploads\/2024\/08\/checkmark-16-12x12.png 12w\" sizes=\"auto, (max-width: 16px) 100vw, 16px\" \/> <mark style=\"background-color:rgba(0, 0, 0, 0)\" class=\"has-inline-color has-nv-site-bg-color\"><strong>Pitch Deck:<\/strong> F\u00fcge Dein Pitch Deck hinzu, inkl. Gesch\u00e4ftsmodell, Marktanalyse, Core-Team Biografien und die Wettbewerbslandschaft.<\/mark><\/p>\n\n\n\n<p><img loading=\"lazy\" decoding=\"async\" width=\"16\" height=\"16\" class=\"wp-image-115\" style=\"width: 16px;\" src=\"https:\/\/www.virimeta.com\/wordpress\/wp-content\/uploads\/2024\/08\/checkmark-16.png\" alt=\"\" srcset=\"https:\/\/www.virimeta.com\/wordpress\/wp-content\/uploads\/2024\/08\/checkmark-16.png 16w, https:\/\/www.virimeta.com\/wordpress\/wp-content\/uploads\/2024\/08\/checkmark-16-12x12.png 12w\" sizes=\"auto, (max-width: 16px) 100vw, 16px\" \/> <mark style=\"background-color:rgba(0, 0, 0, 0)\" class=\"has-inline-color has-nv-site-bg-color\"><strong>Kontaktinformationen:<\/strong> Gib Deine Kontaktdaten an, damit wir uns nach Einsicht der Unterlagen bei Dir melden k\u00f6nnen.<\/mark><\/p>\n<\/div><\/div>\n\n\n\n<div style=\"height:50px\" aria-hidden=\"true\" class=\"wp-block-spacer\"><\/div>\n\n\n\n<div class=\"wp-block-columns is-layout-flex wp-container-core-columns-is-layout-9d6595d7 wp-block-columns-is-layout-flex\">\n<div class=\"wp-block-column ticss-4ce656f1 is-layout-flow wp-block-column-is-layout-flow\" style=\"padding-right:var(--wp--preset--spacing--30);padding-left:var(--wp--preset--spacing--30)\"><\/div>\n\n\n\n<div class=\"wp-block-column ticss-f6fc7494 is-layout-flow wp-block-column-is-layout-flow\" style=\"padding-right:var(--wp--preset--spacing--30);padding-left:var(--wp--preset--spacing--30)\">\n<div class=\"wp-block-group has-nv-site-bg-background-color has-background\" style=\"border-radius:24px\"><div class=\"wp-block-group__inner-container is-layout-flow wp-block-group-is-layout-flow\">\n<div style=\"height:24px\" aria-hidden=\"true\" class=\"wp-block-spacer\"><\/div>\n\n\n<div class=\"wp-block-image icon-style is-style-default\">\n<figure class=\"aligncenter size-full\"><img decoding=\"async\" src=\"http:\/\/virimeta.com\/wordpress\/wp-content\/themes\/neve\/assets\/img\/starter-content\/neve-marketing-icon-5.png\" alt=\"\"\/><\/figure>\n<\/div>\n\n\n<div style=\"height:24px\" aria-hidden=\"true\" class=\"wp-block-spacer\"><\/div>\n\n\n\n<h3 class=\"wp-block-heading has-text-align-center has-neve-text-color-color has-text-color\">E-Mail<\/h3>\n\n\n\n<p class=\"has-text-align-center has-neve-text-color-color has-text-color\" style=\"font-size:15px\">proposal@virimeta.com<\/p>\n\n\n\n<div style=\"height:24px\" aria-hidden=\"true\" class=\"wp-block-spacer\"><\/div>\n<\/div><\/div>\n<\/div>\n\n\n\n<div class=\"wp-block-column ticss-a5b4df29 is-layout-flow wp-block-column-is-layout-flow\" style=\"padding-right:var(--wp--preset--spacing--30);padding-left:var(--wp--preset--spacing--30)\"><\/div>\n<\/div>\n\n\n\n<div style=\"height:40px\" aria-hidden=\"true\" class=\"wp-block-spacer\"><\/div>\n\n\n\n<h3 class=\"wp-block-heading has-text-align-left has-neve-text-color-color has-text-color\" style=\"padding-right:var(--wp--preset--spacing--20);padding-left:var(--wp--preset--spacing--20)\"><mark style=\"background-color:rgba(0, 0, 0, 0)\" class=\"has-inline-color has-nv-site-bg-color\">F\u00fcr erste Ideen oder allgemeine Anfragen:<\/mark><\/h3>\n\n\n\n<p style=\"padding-right:var(--wp--preset--spacing--20);padding-left:var(--wp--preset--spacing--20)\"><mark style=\"background-color:rgba(0, 0, 0, 0)\" class=\"has-inline-color has-nv-site-bg-color\">Teilen uns eine kurze Beschreibung Deiner Idee oder des Problems, das Du l\u00f6sen m\u00f6chtest, mit und sag uns, wie wir Dich am besten f\u00fcr ein  Gespr\u00e4ch kontaktieren k\u00f6nnen.<\/mark><\/p>\n\n\n\n<p><mark style=\"background-color:rgba(0, 0, 0, 0)\" class=\"has-inline-color has-nv-site-bg-color\"><br><\/mark><br><\/p>\n\n\n\n<div style=\"height:30px\" aria-hidden=\"true\" class=\"wp-block-spacer\"><\/div>\n<\/div><\/div>","protected":false},"excerpt":{"rendered":"","protected":false},"author":1,"featured_media":0,"parent":0,"menu_order":0,"comment_status":"closed","ping_status":"closed","template":"","meta":{"neve_meta_sidebar":"","neve_meta_container":"","neve_meta_enable_content_width":"on","neve_meta_content_width":100,"neve_meta_title_alignment":"","neve_meta_author_avatar":"","neve_post_elements_order":"","neve_meta_disable_header":"","neve_meta_disable_footer":"","neve_meta_disable_title":"on","_ti_tpc_template_sync":false,"_ti_tpc_template_id":"","footnotes":""},"class_list":["post-33","page","type-page","status-publish","hentry"],"_links":{"self":[{"href":"https:\/\/www.virimeta.com\/de\/wp-json\/wp\/v2\/pages\/33","targetHints":{"allow":["GET"]}}],"collection":[{"href":"https:\/\/www.virimeta.com\/de\/wp-json\/wp\/v2\/pages"}],"about":[{"href":"https:\/\/www.virimeta.com\/de\/wp-json\/wp\/v2\/types\/page"}],"author":[{"embeddable":true,"href":"https:\/\/www.virimeta.com\/de\/wp-json\/wp\/v2\/users\/1"}],"replies":[{"embeddable":true,"href":"https:\/\/www.virimeta.com\/de\/wp-json\/wp\/v2\/comments?post=33"}],"version-history":[{"count":31,"href":"https:\/\/www.virimeta.com\/de\/wp-json\/wp\/v2\/pages\/33\/revisions"}],"predecessor-version":[{"id":197,"href":"https:\/\/www.virimeta.com\/de\/wp-json\/wp\/v2\/pages\/33\/revisions\/197"}],"wp:attachment":[{"href":"https:\/\/www.virimeta.com\/de\/wp-json\/wp\/v2\/media?parent=33"}],"curies":[{"name":"wp","href":"https:\/\/api.w.org\/{rel}","templated":true}]}}