{"id":31,"date":"2024-08-22T10:04:39","date_gmt":"2024-08-22T08:04:39","guid":{"rendered":"http:\/\/virimeta.com.w01d9752.kasserver.com\/wordpress\/?page_id=31"},"modified":"2024-08-25T23:11:36","modified_gmt":"2024-08-25T21:11:36","slug":"home","status":"publish","type":"page","link":"https:\/\/www.virimeta.com\/de\/","title":{"rendered":"Virimeta"},"content":{"rendered":"<div class=\"wp-block-cover alignfull wp-duotone-unset-1\" style=\"min-height:800px;aspect-ratio:unset;\"><span aria-hidden=\"true\" class=\"wp-block-cover__background has-neve-link-color-background-color has-background-dim-0 has-background-dim\"><\/span><img loading=\"lazy\" decoding=\"async\" width=\"1640\" height=\"922\" src=\"https:\/\/www.virimeta.com\/wordpress\/wp-content\/uploads\/2024\/08\/neve-hero-2.png\" class=\"wp-block-cover__image-background wp-post-image\" alt=\"\" data-object-fit=\"cover\" data-object-position=\"50% 100%\" style=\"object-position:50% 100%;\" srcset=\"https:\/\/www.virimeta.com\/wordpress\/wp-content\/uploads\/2024\/08\/neve-hero-2.png 1640w, https:\/\/www.virimeta.com\/wordpress\/wp-content\/uploads\/2024\/08\/neve-hero-2-300x169.png 300w, https:\/\/www.virimeta.com\/wordpress\/wp-content\/uploads\/2024\/08\/neve-hero-2-1024x576.png 1024w, https:\/\/www.virimeta.com\/wordpress\/wp-content\/uploads\/2024\/08\/neve-hero-2-768x432.png 768w, https:\/\/www.virimeta.com\/wordpress\/wp-content\/uploads\/2024\/08\/neve-hero-2-1536x864.png 1536w, https:\/\/www.virimeta.com\/wordpress\/wp-content\/uploads\/2024\/08\/neve-hero-2-18x10.png 18w\" sizes=\"auto, (max-width: 1640px) 100vw, 1640px\" \/><div class=\"wp-block-cover__inner-container is-layout-flow wp-block-cover-is-layout-flow\">\n<div class=\"wp-block-columns are-vertically-aligned-center is-layout-flex wp-container-core-columns-is-layout-9d6595d7 wp-block-columns-is-layout-flex\">\n<div class=\"wp-block-column is-vertically-aligned-center @media (max-width: 767px) { .mobile-blue-background background-color: blue; } is-layout-flow wp-block-column-is-layout-flow\" style=\"padding-top:0;padding-right:var(--wp--preset--spacing--20);padding-bottom:0;padding-left:var(--wp--preset--spacing--20);flex-basis:65%\">\n<div style=\"height:80px\" aria-hidden=\"true\" class=\"wp-block-spacer\"><\/div>\n\n\n\n<h2 class=\"wp-block-heading has-text-align-left has-nv-text-dark-bg-color has-text-color\">Verantwortungsvoll investieren f\u00fcr eine nachhaltige Zukunft<\/h2>\n\n\n\n<p class=\"has-text-align-left has-nv-text-dark-bg-color has-text-color\" style=\"font-size:17px\">Wir f\u00f6rdern Initiativen mit gesellschaftlichem Mehrwert.<\/p>\n\n\n\n<div class=\"wp-block-buttons is-horizontal is-content-justification-left is-layout-flex wp-container-core-buttons-is-layout-7e5fce0a wp-block-buttons-is-layout-flex\">\n<div class=\"wp-block-button is-style-primary\"><a class=\"wp-block-button__link has-text-color has-background has-link-color wp-element-button\" href=\"https:\/\/www.virimeta.com\/de\/contact\/#engage\" style=\"color:#0a2279;background-color:#ffffff\">Jetzt vernetzen!<\/a><\/div>\n\n\n\n<div class=\"wp-block-button is-style-secondary\"><a class=\"wp-block-button__link has-nv-text-dark-bg-color has-text-color has-link-color wp-element-button\" href=\"https:\/\/www.virimeta.com\/de\/#about\">\u00dcber uns<\/a><\/div>\n<\/div>\n\n\n\n<div style=\"height:100px\" aria-hidden=\"true\" class=\"wp-block-spacer\"><\/div>\n<\/div>\n\n\n\n<div class=\"wp-block-column is-vertically-aligned-center is-layout-flow wp-block-column-is-layout-flow\">\n<figure class=\"wp-block-image size-full\"><img decoding=\"async\" src=\"http:\/\/virimeta.com\/wordpress\/wp-content\/themes\/neve\/assets\/img\/starter-content\/person-hero-2.png\" alt=\"\"\/><\/figure>\n<\/div>\n<\/div>\n<\/div><\/div>\n\n\n\n<div style=\"height:40px\" aria-hidden=\"true\" class=\"wp-block-spacer\"><\/div>\n\n\n\n<div class=\"wp-block-columns is-layout-flex wp-container-core-columns-is-layout-9d6595d7 wp-block-columns-is-layout-flex\">\n<div class=\"wp-block-column neve-duotone is-layout-flow wp-block-column-is-layout-flow\" style=\"padding-right:var(--wp--preset--spacing--30);padding-left:var(--wp--preset--spacing--30)\"><div class=\"wp-block-image icon-style is-style-default wp-duotone-unset-2\">\n<figure class=\"aligncenter size-full has-custom-border\"><img decoding=\"async\" src=\"http:\/\/virimeta.com\/wordpress\/wp-content\/themes\/neve\/assets\/img\/starter-content\/neve-marketing-icon-1.png\" alt=\"\" style=\"border-radius:0px\" title=\"\"\/><\/figure>\n<\/div>\n\n\n<div style=\"height:16px\" aria-hidden=\"true\" class=\"wp-block-spacer\"><\/div>\n\n\n\n<h3 class=\"wp-block-heading has-text-align-center has-neve-text-color-color has-text-color\">Health Tech<\/h3>\n\n\n\n<p class=\"has-text-align-left\">Wir investieren in L\u00f6sungen, welche die medizinische Versorgung verbessern und den Zugang zu Gesundheitsdiensten in allen Lebenslagen erleichtern.<\/p>\n\n\n\n<div style=\"height:20px\" aria-hidden=\"true\" class=\"wp-block-spacer\"><\/div>\n<\/div>\n\n\n\n<div class=\"wp-block-column is-layout-flow wp-block-column-is-layout-flow\" style=\"padding-right:var(--wp--preset--spacing--30);padding-left:var(--wp--preset--spacing--30)\"><div class=\"wp-block-image icon-style is-style-default\">\n<figure class=\"aligncenter size-full has-custom-border\"><img decoding=\"async\" src=\"http:\/\/virimeta.com\/wordpress\/wp-content\/themes\/neve\/assets\/img\/starter-content\/neve-marketing-icon-4.1.png\" alt=\"\" style=\"border-radius:0px\" title=\"\"\/><\/figure>\n<\/div>\n\n\n<div style=\"height:16px\" aria-hidden=\"true\" class=\"wp-block-spacer\"><\/div>\n\n\n\n<h3 class=\"wp-block-heading has-text-align-center has-neve-text-color-color has-text-color\">Green Tech<\/h3>\n\n\n\n<p class=\"has-text-align-left\">Wir unterst\u00fctzen technologische Innovationen, die Umwelt und Ressourcen schonen und nachhaltige L\u00f6sungen f\u00fcr morgen bieten.<\/p>\n\n\n\n<div style=\"height:20px\" aria-hidden=\"true\" class=\"wp-block-spacer\"><\/div>\n<\/div>\n\n\n\n<div class=\"wp-block-column is-layout-flow wp-block-column-is-layout-flow\" style=\"padding-right:var(--wp--preset--spacing--30);padding-left:var(--wp--preset--spacing--30)\"><div class=\"wp-block-image icon-style is-style-default wp-duotone-unset-3\">\n<figure class=\"aligncenter size-full has-custom-border\"><img decoding=\"async\" src=\"http:\/\/virimeta.com\/wordpress\/wp-content\/themes\/neve\/assets\/img\/starter-content\/neve-marketing-icon-3.1.png\" alt=\"\" style=\"border-radius:0px\" title=\"\"\/><\/figure>\n<\/div>\n\n\n<div style=\"height:16px\" aria-hidden=\"true\" class=\"wp-block-spacer\"><\/div>\n\n\n\n<h3 class=\"wp-block-heading has-text-align-center has-neve-text-color-color has-text-color\">Social Impact<\/h3>\n\n\n\n<p class=\"has-text-align-left\">Wir investieren in soziale Innovationen, die benachteiligte Gemeinschaften st\u00e4rken und langfristige gesellschaftliche Verbesserungen f\u00f6rdern.<\/p>\n\n\n\n<div style=\"height:20px\" aria-hidden=\"true\" class=\"wp-block-spacer\"><\/div>\n<\/div>\n<\/div>\n\n\n\n<div style=\"height:40px\" aria-hidden=\"true\" class=\"wp-block-spacer\"><\/div>\n\n\n\n<blockquote class=\"wp-block-quote is-layout-flow wp-block-quote-is-layout-flow\">\n<blockquote class=\"wp-block-quote has-text-align-center is-style-large is-layout-flow wp-block-quote-is-layout-flow\">\n<p>\u201eInvestieren Sie in Unternehmen, die nicht nur auf den n\u00e4chsten Quartalsbericht, sondern auf die n\u00e4chsten Jahrzehnte schauen.\u201c<\/p>\n<cite>\u2013 <em>Hiro Mizuno, Japanese Investment Manager<\/em><\/cite><\/blockquote>\n<\/blockquote>\n\n\n\n<div style=\"height:40px\" aria-hidden=\"true\" class=\"wp-block-spacer\"><\/div>\n\n\n\n<h2 class=\"wp-block-heading has-text-align-center\" id=\"about\">Virimeta &#8211; Responsible Investing<\/h2>\n\n\n\n<p style=\"padding-right:var(--wp--preset--spacing--20);padding-left:var(--wp--preset--spacing--20)\">Wir bei Virimeta glauben, dass Kapital nicht nur wirtschaftlichen Ertrag, sondern auch echten gesellschaftlichen Mehrwert schaffen muss. Unser Fokus liegt auf nachhaltigen Investments mit humanit\u00e4rem Anspruch. Wir unterst\u00fctzen Projekte, die L\u00f6sungen f\u00fcr existenzielle Herausforderungen bieten \u2013 von Gesundheitsinnovationen bis hin zu Klima- und Ressourcenschutz.<\/p>\n\n\n\n<p style=\"padding-right:var(--wp--preset--spacing--20);padding-left:var(--wp--preset--spacing--20)\">Unsere Verantwortung als Investoren endet nicht beim wirtschaftlichen Erfolg. Wir investieren gezielt in Initiativen, die das Leben der Menschen unmittelbar verbessern oder einen langfristigen gesellschaftlichen Nutzen schaffen. Bei uns trifft Nachhaltigkeit auf humanit\u00e4res Engagement \u2013 f\u00fcr eine Welt, die morgen besser ist als heute.<\/p>\n\n\n\n<div style=\"height:40px\" aria-hidden=\"true\" class=\"wp-block-spacer\"><\/div>\n\n\n\n<div class=\"wp-block-cover alignfull\" style=\"min-height:300px;aspect-ratio:unset;\"><span aria-hidden=\"true\" class=\"wp-block-cover__background has-neve-link-color-background-color has-background-dim-100 has-background-dim\"><\/span><div class=\"wp-block-cover__inner-container is-layout-flow wp-block-cover-is-layout-flow\">\n<div style=\"height:140px\" aria-hidden=\"true\" class=\"wp-block-spacer\"><\/div>\n\n\n\n<div class=\"wp-block-columns is-layout-flex wp-container-core-columns-is-layout-9d6595d7 wp-block-columns-is-layout-flex\">\n<div class=\"wp-block-column is-layout-flow wp-block-column-is-layout-flow\" style=\"flex-basis:10%\"><\/div>\n\n\n\n<div class=\"wp-block-column is-layout-flow wp-block-column-is-layout-flow\" style=\"flex-basis:80%\">\n<div class=\"wp-block-group\"><div class=\"wp-block-group__inner-container is-layout-constrained wp-block-group-is-layout-constrained\">\n<h2 class=\"wp-block-heading has-text-align-center has-nv-text-dark-bg-color has-text-color\">Lass uns dein n\u00e4chstes Projekt gemeinsam realisieren.<\/h2>\n\n\n\n<p class=\"has-text-align-center has-nv-text-dark-bg-color has-text-color has-link-color wp-elements-2e63aede1c2cc213c3eb6db8105492f6\">Du hast ein Start-Up mit humanit\u00e4ren Fokus und suchst Pre-Seeding Investoren &amp; Business Angels? Dann tritt mit uns in Kontakt!<\/p>\n\n\n\n<div class=\"wp-block-buttons is-horizontal is-content-justification-center is-layout-flex wp-container-core-buttons-is-layout-499968f5 wp-block-buttons-is-layout-flex\">\n<div class=\"wp-block-button is-style-primary\"><a class=\"wp-block-button__link has-neve-link-color-color has-text-color has-background has-link-color wp-element-button\" href=\"https:\/\/www.virimeta.com\/de\/contact\/#engage\" style=\"background-color:#ffffff\">Jetzt vernetzen!<\/a><\/div>\n<\/div>\n<\/div><\/div>\n<\/div>\n\n\n\n<div class=\"wp-block-column is-layout-flow wp-block-column-is-layout-flow\" style=\"flex-basis:10%\"><\/div>\n<\/div>\n\n\n\n<div style=\"height:140px\" aria-hidden=\"true\" class=\"wp-block-spacer\"><\/div>\n<\/div><\/div>","protected":false},"excerpt":{"rendered":"<p>Health Tech We invest in technical solutions that improve medical care and facilitate access to healthcare services in all walks of life. Green Tech We support technological innovations that conserve the environment and resources, providing sustainable solutions for the future. Social Impact We invest in social innovations that empower disadvantaged communities and promote long-term societal&hellip;&nbsp;<a href=\"https:\/\/www.virimeta.com\/de\/\" class=\"\" rel=\"bookmark\">Weiterlesen &raquo;<span class=\"screen-reader-text\">Virimeta<\/span><\/a><\/p>","protected":false},"author":1,"featured_media":174,"parent":0,"menu_order":0,"comment_status":"closed","ping_status":"closed","template":"","meta":{"neve_meta_sidebar":"","neve_meta_container":"","neve_meta_enable_content_width":"on","neve_meta_content_width":100,"neve_meta_title_alignment":"left","neve_meta_author_avatar":"","neve_post_elements_order":"","neve_meta_disable_header":"off","neve_meta_disable_footer":"","neve_meta_disable_title":"on","_ti_tpc_template_sync":false,"_ti_tpc_template_id":"","footnotes":""},"class_list":["post-31","page","type-page","status-publish","has-post-thumbnail","hentry"],"_links":{"self":[{"href":"https:\/\/www.virimeta.com\/de\/wp-json\/wp\/v2\/pages\/31","targetHints":{"allow":["GET"]}}],"collection":[{"href":"https:\/\/www.virimeta.com\/de\/wp-json\/wp\/v2\/pages"}],"about":[{"href":"https:\/\/www.virimeta.com\/de\/wp-json\/wp\/v2\/types\/page"}],"author":[{"embeddable":true,"href":"https:\/\/www.virimeta.com\/de\/wp-json\/wp\/v2\/users\/1"}],"replies":[{"embeddable":true,"href":"https:\/\/www.virimeta.com\/de\/wp-json\/wp\/v2\/comments?post=31"}],"version-history":[{"count":39,"href":"https:\/\/www.virimeta.com\/de\/wp-json\/wp\/v2\/pages\/31\/revisions"}],"predecessor-version":[{"id":202,"href":"https:\/\/www.virimeta.com\/de\/wp-json\/wp\/v2\/pages\/31\/revisions\/202"}],"wp:featuredmedia":[{"embeddable":true,"href":"https:\/\/www.virimeta.com\/de\/wp-json\/wp\/v2\/media\/174"}],"wp:attachment":[{"href":"https:\/\/www.virimeta.com\/de\/wp-json\/wp\/v2\/media?parent=31"}],"curies":[{"name":"wp","href":"https:\/\/api.w.org\/{rel}","templated":true}]}}