{"id":133,"date":"2024-08-23T19:10:54","date_gmt":"2024-08-23T17:10:54","guid":{"rendered":"https:\/\/www.virimeta.com\/?page_id=133"},"modified":"2024-08-23T20:51:33","modified_gmt":"2024-08-23T18:51:33","slug":"imprint","status":"publish","type":"page","link":"https:\/\/www.virimeta.com\/de\/imprint\/","title":{"rendered":"Impressum"},"content":{"rendered":"<p><strong>Angaben gem\u00e4\u00df \u00a7 5 TMG:<\/strong><\/p>\n\n\n\n<p><strong>Webseitenbetreiber:<br><\/strong>Virimeta Holding GmbH<br>Holzh\u00e4user Str. 47<br>04299 Leipzig<br>Deutschland<\/p>\n\n\n\n<p><strong>Vertreten durch:<br><\/strong>Robert Gr\u00fcneberger (Gesch\u00e4ftsf\u00fchrer)<\/p>\n\n\n\n<p><strong>Kontakt:<br><\/strong>Telefon: +49 (0) \u2013<br>E-Mail: info@virimeta.com<\/p>\n\n\n\n<p><strong>Registereintrag:<br><\/strong>Eintragung im Handelsregister.<br>Registergericht: Amtsgericht Leipzig<br>Registernummer: HRB 41962<\/p>\n\n\n\n<p><strong>Umsatzsteuer-ID:<br><\/strong>Umsatzsteuer-Identifikationsnummer gem\u00e4\u00df \u00a727 a Umsatzsteuergesetz:<br><\/p>\n\n\n\n<p><strong>Verantwortlich f\u00fcr den Inhalt nach \u00a7 55 Abs. 2 RStV:<br><\/strong>Robert Gr\u00fcneberger<br>Holzh\u00e4user Str. 47<br>04299 Leipzig<\/p>\n\n\n\n<p><strong>Haftungsausschluss:<br><\/strong>Trotz sorgf\u00e4ltiger inhaltlicher Kontrolle \u00fcbernehmen wir keine Haftung f\u00fcr die Inhalte externer Links. F\u00fcr den Inhalt der verlinkten Seiten sind ausschlie\u00dflich deren Betreiber verantwortlich.<\/p>","protected":false},"excerpt":{"rendered":"<p>Information in accordance with Section 5 TMG: Website Operator:Virimeta Holding GmbHHolzh\u00e4user Str. 4704299 LeipzigGermany Represented by:Robert Gr\u00fcneberger (CEO) Contact Information:Phone: +49 (0) &#8211;Email: info@virimeta.com Registration Entry:Entered in the commercial register.Registry court: Local Court of LeipzigRegister number: HRB 41962 VAT ID:VAT identification number according to \u00a727 a German Value Added Tax Act: Responsible for content according&hellip;&nbsp;<a href=\"https:\/\/www.virimeta.com\/de\/imprint\/\" class=\"\" rel=\"bookmark\">Weiterlesen &raquo;<span class=\"screen-reader-text\">Impressum<\/span><\/a><\/p>","protected":false},"author":1,"featured_media":0,"parent":0,"menu_order":0,"comment_status":"closed","ping_status":"closed","template":"","meta":{"neve_meta_sidebar":"","neve_meta_container":"","neve_meta_enable_content_width":"","neve_meta_content_width":0,"neve_meta_title_alignment":"","neve_meta_author_avatar":"","neve_post_elements_order":"","neve_meta_disable_header":"","neve_meta_disable_footer":"","neve_meta_disable_title":"","_ti_tpc_template_sync":false,"_ti_tpc_template_id":"","footnotes":""},"class_list":["post-133","page","type-page","status-publish","hentry"],"_links":{"self":[{"href":"https:\/\/www.virimeta.com\/de\/wp-json\/wp\/v2\/pages\/133","targetHints":{"allow":["GET"]}}],"collection":[{"href":"https:\/\/www.virimeta.com\/de\/wp-json\/wp\/v2\/pages"}],"about":[{"href":"https:\/\/www.virimeta.com\/de\/wp-json\/wp\/v2\/types\/page"}],"author":[{"embeddable":true,"href":"https:\/\/www.virimeta.com\/de\/wp-json\/wp\/v2\/users\/1"}],"replies":[{"embeddable":true,"href":"https:\/\/www.virimeta.com\/de\/wp-json\/wp\/v2\/comments?post=133"}],"version-history":[{"count":2,"href":"https:\/\/www.virimeta.com\/de\/wp-json\/wp\/v2\/pages\/133\/revisions"}],"predecessor-version":[{"id":182,"href":"https:\/\/www.virimeta.com\/de\/wp-json\/wp\/v2\/pages\/133\/revisions\/182"}],"wp:attachment":[{"href":"https:\/\/www.virimeta.com\/de\/wp-json\/wp\/v2\/media?parent=133"}],"curies":[{"name":"wp","href":"https:\/\/api.w.org\/{rel}","templated":true}]}}